{"id":20,"date":"2020-05-25T08:00:01","date_gmt":"2020-05-25T06:00:01","guid":{"rendered":"http:\/\/www.nmsneukirchen.at\/wordpress\/?page_id=20"},"modified":"2021-08-19T12:36:06","modified_gmt":"2021-08-19T10:36:06","slug":"downloads","status":"publish","type":"page","link":"https:\/\/www.nmsneukirchen.at\/wordpress\/downloads\/","title":{"rendered":"Downloads"},"content":{"rendered":"<h3>Verhaltensvereinbarungen &amp; Schulordnung<\/h3>\n<p>zum Nachlesen und &#8211; falls verloren &#8211; zum Ausdrucken!<\/p>\n<p>download:<\/p>\n<p><a href=\"https:\/\/www.nmsneukirchen.at\/wordpress\/wp-content\/uploads\/2020\/01\/VerhVereinb_SF2018.pdf\">a) Verhaltensvereinbarungen<\/a><\/p>\n<p><a href=\"https:\/\/www.nmsneukirchen.at\/wordpress\/wp-content\/uploads\/2019\/10\/Schulordnung2018.pdf\">b) Schulordnung<\/a><\/p>\n<h3>R\u00fcckerstattungen &#8211; Allgemein &amp; Essen<\/h3>\n<p>download: <a href=\"https:\/\/www.nmsneukirchen.at\/wordpress\/wp-content\/uploads\/2020\/05\/Rueckerstattung_allgemein_Antrag.pdf\" target=\"_blank\" rel=\"noopener\">Antrag auf R\u00fcckerstattung allgemein (Schulveranstaltungen etc.)<\/a><\/p>\n<p>download:\u00a0<a href=\"https:\/\/www.nmsneukirchen.at\/wordpress\/wp-content\/uploads\/2019\/02\/Mittagessen_versaeumt_Antrag_A4.pdf\">Antrag auf R\u00fcckerstattung vers\u00e4umter Mittagessen<\/a><\/p>\n<h3>Entschuldigung bei Fernbleiben vom Unterricht (unvorhersehbar z.B. Krankheit)<\/h3>\n<p>download: <a href=\"https:\/\/www.nmsneukirchen.at\/wordpress\/wp-content\/uploads\/2019\/02\/Entschuldigung_allgemeinKrankheit-unverhersehbare-Ereignisse.pdf\">allgem.\u00a0Entschuldigung<\/a><\/p>\n<h3>F\u00f6rderung Schulveranstaltungen Land O\u00d6<\/h3>\n<p>download:<\/p>\n<p><a href=\"https:\/\/www.nmsneukirchen.at\/wordpress\/wp-content\/uploads\/2019\/02\/SchulveranstaltungsHilfe-LandOOeAnsuchen.pdf\">a) Schulveranstaltungsf\u00f6rderung O\u00d6 Antrag<\/a><\/p>\n<p><a href=\"https:\/\/www.nmsneukirchen.at\/wordpress\/wp-content\/uploads\/2019\/02\/SchulveranstaltungsHilfe-LandOOeRichtlinien.pdf\">b) Schulveranstaltungsf\u00f6rderung O\u00d6 Richtlinien<\/a><\/p>\n<h3>Freistellung vom Unterricht<\/h3>\n<pre>a) Ansuchen f\u00fcr BO <a href=\"https:\/\/www.nmsneukirchen.at\/wordpress\/wp-content\/uploads\/2019\/09\/Fernbleiben_vom_Unterricht-BO_Ansuchen_BPT_m_Erkl_\u00a713SCHUG.pdf\">\"Berufspraktische Tage\"<\/a>\nb) Ansuchen f\u00fcr BO <a href=\"https:\/\/www.nmsneukirchen.at\/wordpress\/wp-content\/uploads\/2020\/05\/Fernbleiben_vom-Unterricht-BO_Ansuchen_\u00a713bSCHUG.pdf\" target=\"_blank\" rel=\"noopener\">\"Individuelle Berufsvorbereitung w\u00e4hrend der Unterrichtszeit\"<\/a>\nc) Ansuchen f\u00fcr BO <a href=\"https:\/\/www.nmsneukirchen.at\/wordpress\/wp-content\/uploads\/2020\/05\/Fernbleiben_vom-Unterricht-BO_Ansuchen_au\u00dferhalbUnterricht.pdf\" target=\"_blank\" rel=\"noopener\">\"Individuelle Berufsvorbereitung au\u00dferhalb der Unterrichtszeit\"<\/a>\nd) Ansuchen aus <a href=\"https:\/\/www.nmsneukirchen.at\/wordpress\/wp-content\/uploads\/2020\/01\/Fernbleiben-vom-Unterricht__bis_1_Wo_Ansuchen\u00a79SCHUG.pdf\">sonstigen Gr\u00fcnden bis zu 1 Woche<\/a>\ne) Ansuchen aus <a href=\"https:\/\/www.nmsneukirchen.at\/wordpress\/wp-content\/uploads\/2020\/01\/Fernbleiben_vom_Unterricht_Ueber_1_Wo_Ansuchen_BD-OOe-S-1a.pdf\">sonstigen Gr\u00fcnden \u00fcber 1 Woche<\/a> Link zum <a href=\"https:\/\/fsw.amtsweg.gv.at\/formularserver\/user\/formular.aspx?pid=af841a02f27947fabb448997573f109c&amp;pn=Bdb468dbba4344a6380c34f4d9ce9af7c\" target=\"_blank\" rel=\"noopener\">\"Elektronischen Formular\"<\/a><\/pre>\n<h5><\/h5>\n<h5><\/h5>\n<div class=\"pvc_clear\"><\/div>\n<p id=\"pvc_stats_20\" class=\"pvc_stats all  \" data-element-id=\"20\" style=\"\"><i class=\"pvc-stats-icon medium\" aria-hidden=\"true\"><svg aria-hidden=\"true\" focusable=\"false\" data-prefix=\"far\" data-icon=\"chart-bar\" role=\"img\" xmlns=\"http:\/\/www.w3.org\/2000\/svg\" viewBox=\"0 0 512 512\" class=\"svg-inline--fa fa-chart-bar fa-w-16 fa-2x\"><path fill=\"currentColor\" d=\"M396.8 352h22.4c6.4 0 12.8-6.4 12.8-12.8V108.8c0-6.4-6.4-12.8-12.8-12.8h-22.4c-6.4 0-12.8 6.4-12.8 12.8v230.4c0 6.4 6.4 12.8 12.8 12.8zm-192 0h22.4c6.4 0 12.8-6.4 12.8-12.8V140.8c0-6.4-6.4-12.8-12.8-12.8h-22.4c-6.4 0-12.8 6.4-12.8 12.8v198.4c0 6.4 6.4 12.8 12.8 12.8zm96 0h22.4c6.4 0 12.8-6.4 12.8-12.8V204.8c0-6.4-6.4-12.8-12.8-12.8h-22.4c-6.4 0-12.8 6.4-12.8 12.8v134.4c0 6.4 6.4 12.8 12.8 12.8zM496 400H48V80c0-8.84-7.16-16-16-16H16C7.16 64 0 71.16 0 80v336c0 17.67 14.33 32 32 32h464c8.84 0 16-7.16 16-16v-16c0-8.84-7.16-16-16-16zm-387.2-48h22.4c6.4 0 12.8-6.4 12.8-12.8v-70.4c0-6.4-6.4-12.8-12.8-12.8h-22.4c-6.4 0-12.8 6.4-12.8 12.8v70.4c0 6.4 6.4 12.8 12.8 12.8z\" class=\"\"><\/path><\/svg><\/i> <img loading=\"lazy\" decoding=\"async\" width=\"16\" height=\"16\" alt=\"Loading\" src=\"https:\/\/www.nmsneukirchen.at\/wordpress\/wp-content\/plugins\/page-views-count\/ajax-loader-2x.gif\" border=0 \/><\/p>\n<div class=\"pvc_clear\"><\/div>\n","protected":false},"excerpt":{"rendered":"<p>Verhaltensvereinbarungen &amp; Schulordnung zum Nachlesen und &#8211; falls verloren &#8211; zum Ausdrucken! download: a) Verhaltensvereinbarungen b) Schulordnung R\u00fcckerstattungen &#8211; Allgemein &amp; Essen download: Antrag auf R\u00fcckerstattung allgemein (Schulveranstaltungen etc.) download:\u00a0Antrag auf R\u00fcckerstattung vers\u00e4umter Mittagessen Entschuldigung bei Fernbleiben vom Unterricht (unvorhersehbar z.B. Krankheit) download: allgem.\u00a0Entschuldigung F\u00f6rderung Schulveranstaltungen Land O\u00d6 download: a) Schulveranstaltungsf\u00f6rderung O\u00d6 Antrag b) Schulveranstaltungsf\u00f6rderung [&hellip;]<\/p>\n<div class=\"pvc_clear\"><\/div>\n<p id=\"pvc_stats_20\" class=\"pvc_stats all  \" data-element-id=\"20\" style=\"\"><i class=\"pvc-stats-icon medium\" aria-hidden=\"true\"><svg aria-hidden=\"true\" focusable=\"false\" data-prefix=\"far\" data-icon=\"chart-bar\" role=\"img\" xmlns=\"http:\/\/www.w3.org\/2000\/svg\" viewBox=\"0 0 512 512\" class=\"svg-inline--fa fa-chart-bar fa-w-16 fa-2x\"><path fill=\"currentColor\" d=\"M396.8 352h22.4c6.4 0 12.8-6.4 12.8-12.8V108.8c0-6.4-6.4-12.8-12.8-12.8h-22.4c-6.4 0-12.8 6.4-12.8 12.8v230.4c0 6.4 6.4 12.8 12.8 12.8zm-192 0h22.4c6.4 0 12.8-6.4 12.8-12.8V140.8c0-6.4-6.4-12.8-12.8-12.8h-22.4c-6.4 0-12.8 6.4-12.8 12.8v198.4c0 6.4 6.4 12.8 12.8 12.8zm96 0h22.4c6.4 0 12.8-6.4 12.8-12.8V204.8c0-6.4-6.4-12.8-12.8-12.8h-22.4c-6.4 0-12.8 6.4-12.8 12.8v134.4c0 6.4 6.4 12.8 12.8 12.8zM496 400H48V80c0-8.84-7.16-16-16-16H16C7.16 64 0 71.16 0 80v336c0 17.67 14.33 32 32 32h464c8.84 0 16-7.16 16-16v-16c0-8.84-7.16-16-16-16zm-387.2-48h22.4c6.4 0 12.8-6.4 12.8-12.8v-70.4c0-6.4-6.4-12.8-12.8-12.8h-22.4c-6.4 0-12.8 6.4-12.8 12.8v70.4c0 6.4 6.4 12.8 12.8 12.8z\" class=\"\"><\/path><\/svg><\/i> <img loading=\"lazy\" decoding=\"async\" width=\"16\" height=\"16\" alt=\"Loading\" src=\"https:\/\/www.nmsneukirchen.at\/wordpress\/wp-content\/plugins\/page-views-count\/ajax-loader-2x.gif\" border=0 \/><\/p>\n<div class=\"pvc_clear\"><\/div>\n","protected":false},"author":1,"featured_media":0,"parent":0,"menu_order":4,"comment_status":"closed","ping_status":"closed","template":"","meta":{"footnotes":""},"class_list":["post-20","page","type-page","status-publish","hentry"],"_links":{"self":[{"href":"https:\/\/www.nmsneukirchen.at\/wordpress\/wp-json\/wp\/v2\/pages\/20","targetHints":{"allow":["GET"]}}],"collection":[{"href":"https:\/\/www.nmsneukirchen.at\/wordpress\/wp-json\/wp\/v2\/pages"}],"about":[{"href":"https:\/\/www.nmsneukirchen.at\/wordpress\/wp-json\/wp\/v2\/types\/page"}],"author":[{"embeddable":true,"href":"https:\/\/www.nmsneukirchen.at\/wordpress\/wp-json\/wp\/v2\/users\/1"}],"replies":[{"embeddable":true,"href":"https:\/\/www.nmsneukirchen.at\/wordpress\/wp-json\/wp\/v2\/comments?post=20"}],"version-history":[{"count":36,"href":"https:\/\/www.nmsneukirchen.at\/wordpress\/wp-json\/wp\/v2\/pages\/20\/revisions"}],"predecessor-version":[{"id":7014,"href":"https:\/\/www.nmsneukirchen.at\/wordpress\/wp-json\/wp\/v2\/pages\/20\/revisions\/7014"}],"wp:attachment":[{"href":"https:\/\/www.nmsneukirchen.at\/wordpress\/wp-json\/wp\/v2\/media?parent=20"}],"curies":[{"name":"wp","href":"https:\/\/api.w.org\/{rel}","templated":true}]}}