{"id":243,"date":"2016-01-07T12:35:02","date_gmt":"2016-01-07T11:35:02","guid":{"rendered":"http:\/\/www.nmsneukirchen.at\/wordpress\/?page_id=243"},"modified":"2016-01-07T12:35:02","modified_gmt":"2016-01-07T11:35:02","slug":"ecdl","status":"publish","type":"page","link":"https:\/\/www.nmsneukirchen.at\/wordpress\/elearning\/ecdl\/","title":{"rendered":"ECDL"},"content":{"rendered":"<p>Die Sch\u00fclerinnen und Sch\u00fcler haben die M\u00f6glichkeit, ab Ende der dritten Klasse und in der 4. Klasse Pr\u00fcfungen f\u00fcr den Europ\u00e4ischen Computerf\u00fchrerschein abzulegen.<\/p>\n<p>Unsere Schule ist Testcenter. Die Pr\u00fcfungen werden durch externe Pr\u00fcfer abgenommen.<\/p>\n<h4>Kosten f\u00fcr die Pr\u00fcfungen:<\/h4>\n<ul>\n<li>SkillsCard: 46 \u20ac<\/li>\n<li>Preis\/Pr\u00fcfung: 13 \u20ac<\/li>\n<\/ul>\n<h4>ECDL &#8211; Profile (Einsteiger)<\/h4>\n<ul>\n<li><strong>Pflichtmodule<\/strong>: Computergrundlagen, Online-Grundlagen, Textverarbeitung<\/li>\n<li><strong>Alternative Module<\/strong>: Tabellenkalkulation, Pr\u00e4sentation, IT-Security (1 Modul muss gew\u00e4hlt werden)<\/li>\n<\/ul>\n<div class=\"pvc_clear\"><\/div>\n<p id=\"pvc_stats_243\" class=\"pvc_stats all  \" data-element-id=\"243\" style=\"\"><i class=\"pvc-stats-icon medium\" aria-hidden=\"true\"><svg aria-hidden=\"true\" focusable=\"false\" data-prefix=\"far\" data-icon=\"chart-bar\" role=\"img\" xmlns=\"http:\/\/www.w3.org\/2000\/svg\" viewBox=\"0 0 512 512\" class=\"svg-inline--fa fa-chart-bar fa-w-16 fa-2x\"><path fill=\"currentColor\" d=\"M396.8 352h22.4c6.4 0 12.8-6.4 12.8-12.8V108.8c0-6.4-6.4-12.8-12.8-12.8h-22.4c-6.4 0-12.8 6.4-12.8 12.8v230.4c0 6.4 6.4 12.8 12.8 12.8zm-192 0h22.4c6.4 0 12.8-6.4 12.8-12.8V140.8c0-6.4-6.4-12.8-12.8-12.8h-22.4c-6.4 0-12.8 6.4-12.8 12.8v198.4c0 6.4 6.4 12.8 12.8 12.8zm96 0h22.4c6.4 0 12.8-6.4 12.8-12.8V204.8c0-6.4-6.4-12.8-12.8-12.8h-22.4c-6.4 0-12.8 6.4-12.8 12.8v134.4c0 6.4 6.4 12.8 12.8 12.8zM496 400H48V80c0-8.84-7.16-16-16-16H16C7.16 64 0 71.16 0 80v336c0 17.67 14.33 32 32 32h464c8.84 0 16-7.16 16-16v-16c0-8.84-7.16-16-16-16zm-387.2-48h22.4c6.4 0 12.8-6.4 12.8-12.8v-70.4c0-6.4-6.4-12.8-12.8-12.8h-22.4c-6.4 0-12.8 6.4-12.8 12.8v70.4c0 6.4 6.4 12.8 12.8 12.8z\" class=\"\"><\/path><\/svg><\/i> <img loading=\"lazy\" decoding=\"async\" width=\"16\" height=\"16\" alt=\"Loading\" src=\"https:\/\/www.nmsneukirchen.at\/wordpress\/wp-content\/plugins\/page-views-count\/ajax-loader-2x.gif\" border=0 \/><\/p>\n<div class=\"pvc_clear\"><\/div>\n","protected":false},"excerpt":{"rendered":"<p>Die Sch\u00fclerinnen und Sch\u00fcler haben die M\u00f6glichkeit, ab Ende der dritten Klasse und in der 4. Klasse Pr\u00fcfungen f\u00fcr den Europ\u00e4ischen Computerf\u00fchrerschein abzulegen. Unsere Schule ist Testcenter. Die Pr\u00fcfungen werden durch externe Pr\u00fcfer abgenommen. Kosten f\u00fcr die Pr\u00fcfungen: SkillsCard: 46 \u20ac Preis\/Pr\u00fcfung: 13 \u20ac ECDL &#8211; Profile (Einsteiger) Pflichtmodule: Computergrundlagen, Online-Grundlagen, Textverarbeitung Alternative Module: Tabellenkalkulation, [&hellip;]<\/p>\n<div class=\"pvc_clear\"><\/div>\n<p id=\"pvc_stats_243\" class=\"pvc_stats all  \" data-element-id=\"243\" style=\"\"><i class=\"pvc-stats-icon medium\" aria-hidden=\"true\"><svg aria-hidden=\"true\" focusable=\"false\" data-prefix=\"far\" data-icon=\"chart-bar\" role=\"img\" xmlns=\"http:\/\/www.w3.org\/2000\/svg\" viewBox=\"0 0 512 512\" class=\"svg-inline--fa fa-chart-bar fa-w-16 fa-2x\"><path fill=\"currentColor\" d=\"M396.8 352h22.4c6.4 0 12.8-6.4 12.8-12.8V108.8c0-6.4-6.4-12.8-12.8-12.8h-22.4c-6.4 0-12.8 6.4-12.8 12.8v230.4c0 6.4 6.4 12.8 12.8 12.8zm-192 0h22.4c6.4 0 12.8-6.4 12.8-12.8V140.8c0-6.4-6.4-12.8-12.8-12.8h-22.4c-6.4 0-12.8 6.4-12.8 12.8v198.4c0 6.4 6.4 12.8 12.8 12.8zm96 0h22.4c6.4 0 12.8-6.4 12.8-12.8V204.8c0-6.4-6.4-12.8-12.8-12.8h-22.4c-6.4 0-12.8 6.4-12.8 12.8v134.4c0 6.4 6.4 12.8 12.8 12.8zM496 400H48V80c0-8.84-7.16-16-16-16H16C7.16 64 0 71.16 0 80v336c0 17.67 14.33 32 32 32h464c8.84 0 16-7.16 16-16v-16c0-8.84-7.16-16-16-16zm-387.2-48h22.4c6.4 0 12.8-6.4 12.8-12.8v-70.4c0-6.4-6.4-12.8-12.8-12.8h-22.4c-6.4 0-12.8 6.4-12.8 12.8v70.4c0 6.4 6.4 12.8 12.8 12.8z\" class=\"\"><\/path><\/svg><\/i> <img loading=\"lazy\" decoding=\"async\" width=\"16\" height=\"16\" alt=\"Loading\" src=\"https:\/\/www.nmsneukirchen.at\/wordpress\/wp-content\/plugins\/page-views-count\/ajax-loader-2x.gif\" border=0 \/><\/p>\n<div class=\"pvc_clear\"><\/div>\n","protected":false},"author":1,"featured_media":0,"parent":37,"menu_order":2,"comment_status":"closed","ping_status":"closed","template":"","meta":{"footnotes":""},"class_list":["post-243","page","type-page","status-publish","hentry"],"_links":{"self":[{"href":"https:\/\/www.nmsneukirchen.at\/wordpress\/wp-json\/wp\/v2\/pages\/243","targetHints":{"allow":["GET"]}}],"collection":[{"href":"https:\/\/www.nmsneukirchen.at\/wordpress\/wp-json\/wp\/v2\/pages"}],"about":[{"href":"https:\/\/www.nmsneukirchen.at\/wordpress\/wp-json\/wp\/v2\/types\/page"}],"author":[{"embeddable":true,"href":"https:\/\/www.nmsneukirchen.at\/wordpress\/wp-json\/wp\/v2\/users\/1"}],"replies":[{"embeddable":true,"href":"https:\/\/www.nmsneukirchen.at\/wordpress\/wp-json\/wp\/v2\/comments?post=243"}],"version-history":[{"count":1,"href":"https:\/\/www.nmsneukirchen.at\/wordpress\/wp-json\/wp\/v2\/pages\/243\/revisions"}],"predecessor-version":[{"id":244,"href":"https:\/\/www.nmsneukirchen.at\/wordpress\/wp-json\/wp\/v2\/pages\/243\/revisions\/244"}],"up":[{"embeddable":true,"href":"https:\/\/www.nmsneukirchen.at\/wordpress\/wp-json\/wp\/v2\/pages\/37"}],"wp:attachment":[{"href":"https:\/\/www.nmsneukirchen.at\/wordpress\/wp-json\/wp\/v2\/media?parent=243"}],"curies":[{"name":"wp","href":"https:\/\/api.w.org\/{rel}","templated":true}]}}