{"id":5,"date":"2016-01-05T14:06:20","date_gmt":"2016-01-05T13:06:20","guid":{"rendered":"http:\/\/www.nmsneukirchen.at\/wordpress\/?page_id=5"},"modified":"2016-01-07T08:44:53","modified_gmt":"2016-01-07T07:44:53","slug":"unser-schulstandort","status":"publish","type":"page","link":"https:\/\/www.nmsneukirchen.at\/wordpress\/beispiel-seite\/unser-schulstandort\/","title":{"rendered":"Unser Schulstandort"},"content":{"rendered":"<p>Neukirchen liegt im Aurachtal zwischen dem Traunsee und dem Attersee, geh\u00f6rt zur Gemeinde Altm\u00fcnster und ist ein eigener Pfarr-und Schulort.<\/p>\n<p>Der kleine Ort Neukirchen in der Viechtau wurde bereits 1346 urkundlich erw\u00e4hnt. 1753 lie\u00df Kaiserin Maria Theresia eine Kirche erbauen, einerseits um den Bewohnern den Besuch der Messe zu erleichtern und andererseits um der Ausbreitung des Protestantismus entgegen zu wirken.<\/p>\n<p>Die Menschen lebten von der Landwirtschaft und von der Holzverarbeitung. Noch heute sind einige Betriebe Zulieferer der M\u00f6belindustrie. Der Besuch des Heimathauses gibt einen Einblick in die Vielfalt der Produkte und die Produktionsweisen.<\/p>\n<p>Die Traditionen wie das Aufstellen der Weihnachtskrippen, das \u201eGl\u00f6ckeln\u201c, der Fasching oder das Binden der Palmbuschen sind den Bewohnern auch heute noch ein Anliegen.<\/p>\n<p>Zahlreiche Wanderm\u00f6glichkeiten in der n\u00e4heren Umgebung und im Gebiet des <a href=\"http:\/\/www.naturpark-attersee-traunsee.at\/de\/\" target=\"_blank\">Naturparks Attersee-Traunsee<\/a><span class=\"Apple-converted-space\">\u00a0<\/span>machen Neukirchen zu einem beliebten Ausflugsziel.<\/p>\n<p>Wintersportm\u00f6glichkeiten:<span class=\"Apple-converted-space\">\u00a0<\/span><a href=\"http:\/\/www.hochlecken.at\/\" target=\"_blank\">Hochlecken Schilifte<\/a><span class=\"Apple-converted-space\">\u00a0<\/span>und Eisstockschie\u00dfen am Taferklaussee<\/p>\n<h1>Aus der Geschichte:<\/h1>\n<h2>Th\u00e4ller &#8211; u. L\u00f6ffelmacher &#8211; alte Hausindustrie in der Viechtau<\/h2>\n<p>1346 wurde die Viechtau (von Fuoth=Vieh) erstmals in einer Urkunde der Pfarre Altm\u00fcnster erw\u00e4hnt. Sie umfasst das Gebiet zwischen Altm\u00fcnster, Grasberg, Traunsee, M\u00fchlbachberg und dem oberen Aurachtal.<\/p>\n<p>Es gab zwei Gruppen von Holzwarenerzeugern, die einen stellten haus- und landwirtschaftliche Gegenst\u00e4nde, die anderen Spielwaren im Haupt- oder Nebenerwerb her.<\/p>\n<p>Da die Produktion sehr viel an edlen H\u00f6lzern, wie Fichte, Ahorn, Buche Tanne, Zwetschke, Zirbe und Eibe verbrauchte, erging 1694 ein generelles Verbot des Hausierens und Feilhaltens auf \u00f6ffentlichen M\u00e4rkten in O\u00d6. Ein schwerer Schlag f\u00fcr die Viechtauer &#8211; aber sie waren erfinderisch und erschlossen neue Absatzgebiete im Orient und Russland, aber auch in B\u00f6hmen, M\u00e4hren, in der Steiermark, Tirol und Bayern.<\/p>\n<p>Erst im 19.Jhd. begannen die Konkurrenz der fabriksm\u00e4\u00dfigen Erzeugung und die Abh\u00e4ngigkeit von Zwischenh\u00e4ndlern den Verdienst zu schm\u00e4lern. Mit Ausbruch des 1. Weltkrieges verloren sie g\u00e4nzlich ihre Absatzm\u00e4rkte.<\/p>\n<p>Gearbeitet wurde in kleinen Werkst\u00e4tten, die an das Wohnhaus angebaut waren oder in unmittelbarer N\u00e4he eines Baches lagen. Da kein Zunftzwang herrschte, arbeitete die ganze Familie mit, wodurch eine jahrhundertlange Tradition gewahrt wurde. Die in den Forsten besch\u00e4ftigten M\u00e4nner halfen im Winter im Nebenerwerb mit.<\/p>\n<p>Im Heimathaus kann man viele dieser Erzeugnisse besichtigen.<\/p>\n<p>Die handwerklichen Produkte k\u00f6nnen im<span class=\"Apple-converted-space\">\u00a0<\/span><a href=\"http:\/\/www.heimathaus-viechtau.at\/Seiten\/Framset_01.htm\" target=\"_blank\">Heimathaus Neukirchen<\/a><span class=\"Apple-converted-space\">\u00a0<\/span>besichtigt werden.<\/p>\n<div class=\"pvc_clear\"><\/div>\n<p id=\"pvc_stats_5\" class=\"pvc_stats all  \" data-element-id=\"5\" style=\"\"><i class=\"pvc-stats-icon medium\" aria-hidden=\"true\"><svg aria-hidden=\"true\" focusable=\"false\" data-prefix=\"far\" data-icon=\"chart-bar\" role=\"img\" xmlns=\"http:\/\/www.w3.org\/2000\/svg\" viewBox=\"0 0 512 512\" class=\"svg-inline--fa fa-chart-bar fa-w-16 fa-2x\"><path fill=\"currentColor\" d=\"M396.8 352h22.4c6.4 0 12.8-6.4 12.8-12.8V108.8c0-6.4-6.4-12.8-12.8-12.8h-22.4c-6.4 0-12.8 6.4-12.8 12.8v230.4c0 6.4 6.4 12.8 12.8 12.8zm-192 0h22.4c6.4 0 12.8-6.4 12.8-12.8V140.8c0-6.4-6.4-12.8-12.8-12.8h-22.4c-6.4 0-12.8 6.4-12.8 12.8v198.4c0 6.4 6.4 12.8 12.8 12.8zm96 0h22.4c6.4 0 12.8-6.4 12.8-12.8V204.8c0-6.4-6.4-12.8-12.8-12.8h-22.4c-6.4 0-12.8 6.4-12.8 12.8v134.4c0 6.4 6.4 12.8 12.8 12.8zM496 400H48V80c0-8.84-7.16-16-16-16H16C7.16 64 0 71.16 0 80v336c0 17.67 14.33 32 32 32h464c8.84 0 16-7.16 16-16v-16c0-8.84-7.16-16-16-16zm-387.2-48h22.4c6.4 0 12.8-6.4 12.8-12.8v-70.4c0-6.4-6.4-12.8-12.8-12.8h-22.4c-6.4 0-12.8 6.4-12.8 12.8v70.4c0 6.4 6.4 12.8 12.8 12.8z\" class=\"\"><\/path><\/svg><\/i> <img loading=\"lazy\" decoding=\"async\" width=\"16\" height=\"16\" alt=\"Loading\" src=\"https:\/\/www.nmsneukirchen.at\/wordpress\/wp-content\/plugins\/page-views-count\/ajax-loader-2x.gif\" border=0 \/><\/p>\n<div class=\"pvc_clear\"><\/div>\n","protected":false},"excerpt":{"rendered":"<p>Neukirchen liegt im Aurachtal zwischen dem Traunsee und dem Attersee, geh\u00f6rt zur Gemeinde Altm\u00fcnster und ist ein eigener Pfarr-und Schulort. Der kleine Ort Neukirchen in der Viechtau wurde bereits 1346 urkundlich erw\u00e4hnt. 1753 lie\u00df Kaiserin Maria Theresia eine Kirche erbauen, einerseits um den Bewohnern den Besuch der Messe zu erleichtern und andererseits um der Ausbreitung [&hellip;]<\/p>\n<div class=\"pvc_clear\"><\/div>\n<p id=\"pvc_stats_5\" class=\"pvc_stats all  \" data-element-id=\"5\" style=\"\"><i class=\"pvc-stats-icon medium\" aria-hidden=\"true\"><svg aria-hidden=\"true\" focusable=\"false\" data-prefix=\"far\" data-icon=\"chart-bar\" role=\"img\" xmlns=\"http:\/\/www.w3.org\/2000\/svg\" viewBox=\"0 0 512 512\" class=\"svg-inline--fa fa-chart-bar fa-w-16 fa-2x\"><path fill=\"currentColor\" d=\"M396.8 352h22.4c6.4 0 12.8-6.4 12.8-12.8V108.8c0-6.4-6.4-12.8-12.8-12.8h-22.4c-6.4 0-12.8 6.4-12.8 12.8v230.4c0 6.4 6.4 12.8 12.8 12.8zm-192 0h22.4c6.4 0 12.8-6.4 12.8-12.8V140.8c0-6.4-6.4-12.8-12.8-12.8h-22.4c-6.4 0-12.8 6.4-12.8 12.8v198.4c0 6.4 6.4 12.8 12.8 12.8zm96 0h22.4c6.4 0 12.8-6.4 12.8-12.8V204.8c0-6.4-6.4-12.8-12.8-12.8h-22.4c-6.4 0-12.8 6.4-12.8 12.8v134.4c0 6.4 6.4 12.8 12.8 12.8zM496 400H48V80c0-8.84-7.16-16-16-16H16C7.16 64 0 71.16 0 80v336c0 17.67 14.33 32 32 32h464c8.84 0 16-7.16 16-16v-16c0-8.84-7.16-16-16-16zm-387.2-48h22.4c6.4 0 12.8-6.4 12.8-12.8v-70.4c0-6.4-6.4-12.8-12.8-12.8h-22.4c-6.4 0-12.8 6.4-12.8 12.8v70.4c0 6.4 6.4 12.8 12.8 12.8z\" class=\"\"><\/path><\/svg><\/i> <img loading=\"lazy\" decoding=\"async\" width=\"16\" height=\"16\" alt=\"Loading\" src=\"https:\/\/www.nmsneukirchen.at\/wordpress\/wp-content\/plugins\/page-views-count\/ajax-loader-2x.gif\" border=0 \/><\/p>\n<div class=\"pvc_clear\"><\/div>\n","protected":false},"author":1,"featured_media":0,"parent":2,"menu_order":4,"comment_status":"closed","ping_status":"closed","template":"","meta":{"footnotes":""},"class_list":["post-5","page","type-page","status-publish","hentry"],"_links":{"self":[{"href":"https:\/\/www.nmsneukirchen.at\/wordpress\/wp-json\/wp\/v2\/pages\/5","targetHints":{"allow":["GET"]}}],"collection":[{"href":"https:\/\/www.nmsneukirchen.at\/wordpress\/wp-json\/wp\/v2\/pages"}],"about":[{"href":"https:\/\/www.nmsneukirchen.at\/wordpress\/wp-json\/wp\/v2\/types\/page"}],"author":[{"embeddable":true,"href":"https:\/\/www.nmsneukirchen.at\/wordpress\/wp-json\/wp\/v2\/users\/1"}],"replies":[{"embeddable":true,"href":"https:\/\/www.nmsneukirchen.at\/wordpress\/wp-json\/wp\/v2\/comments?post=5"}],"version-history":[{"count":3,"href":"https:\/\/www.nmsneukirchen.at\/wordpress\/wp-json\/wp\/v2\/pages\/5\/revisions"}],"predecessor-version":[{"id":205,"href":"https:\/\/www.nmsneukirchen.at\/wordpress\/wp-json\/wp\/v2\/pages\/5\/revisions\/205"}],"up":[{"embeddable":true,"href":"https:\/\/www.nmsneukirchen.at\/wordpress\/wp-json\/wp\/v2\/pages\/2"}],"wp:attachment":[{"href":"https:\/\/www.nmsneukirchen.at\/wordpress\/wp-json\/wp\/v2\/media?parent=5"}],"curies":[{"name":"wp","href":"https:\/\/api.w.org\/{rel}","templated":true}]}}