{"id":8050,"date":"2023-01-10T07:42:20","date_gmt":"2023-01-10T06:42:20","guid":{"rendered":"http:\/\/www.nmsneukirchen.at\/wordpress\/?page_id=8050"},"modified":"2023-01-10T07:42:20","modified_gmt":"2023-01-10T06:42:20","slug":"anmeldung","status":"publish","type":"page","link":"https:\/\/www.nmsneukirchen.at\/wordpress\/anmeldung\/","title":{"rendered":"Anmeldung"},"content":{"rendered":"<p>F\u00fcr eine Voranmeldung an unserer Schule, schreiben Sie bitte ein Mail an <a href=\"&#109;a&#x69;l&#x74;o&#x3a;d&#x69;r&#x65;k&#x74;&#105;&#x6f;&#110;&#x40;&#109;&#x73;&#110;&#x65;&#117;&#x6b;&#105;&#x72;&#99;h&#x65;n&#x2e;c&#x6f;m\">dire&#107;&#116;&#105;&#111;&#110;&#64;&#109;&#x73;&#x6e;&#x65;&#x75;&#x6b;&#x69;&#x72;&#x63;&#x68;en&#46;c&#111;&#109;<\/a> mit nachfolgenden Informationen:<\/p>\n<p>Ihr Name<\/p>\n<p>Name des Kindes<\/p>\n<p>Religion<\/p>\n<p>Sozialversicherungsnummer (des Kindes)<\/p>\n<p>Ob Geschwister bereits an unserer Schule sind<\/p>\n<p>SPF (Sonderp\u00e4dagogischer F\u00f6rderbedarf) in welchen F\u00e4chern<\/p>\n<p>Ihre Anschrift<\/p>\n<p>Telefonnummer<\/p>\n<p>Derzeitige VS-Schule<\/p>\n<p>&nbsp;<\/p>\n<p><strong>Hinweis<\/strong>:<\/p>\n<p><strong>Die Anmeldung wird erst rechtsg\u00fcltig, wenn bis zum 2. Freitag nach den Semesterferien\u00a0 die Schulnachricht der 4. VS Klasse mit dem Schulstempel unserer Schule versehen wird. Dazu ist ein pers\u00f6nliches Erscheinen eines Erziehungsberechtigten unbedingt notwendig; wir bitten um telefonische Voranmeldung!<\/strong><\/p>\n<div class=\"pvc_clear\"><\/div>\n<p id=\"pvc_stats_8050\" class=\"pvc_stats all  \" data-element-id=\"8050\" style=\"\"><i class=\"pvc-stats-icon medium\" aria-hidden=\"true\"><svg aria-hidden=\"true\" focusable=\"false\" data-prefix=\"far\" data-icon=\"chart-bar\" role=\"img\" xmlns=\"http:\/\/www.w3.org\/2000\/svg\" viewBox=\"0 0 512 512\" class=\"svg-inline--fa fa-chart-bar fa-w-16 fa-2x\"><path fill=\"currentColor\" d=\"M396.8 352h22.4c6.4 0 12.8-6.4 12.8-12.8V108.8c0-6.4-6.4-12.8-12.8-12.8h-22.4c-6.4 0-12.8 6.4-12.8 12.8v230.4c0 6.4 6.4 12.8 12.8 12.8zm-192 0h22.4c6.4 0 12.8-6.4 12.8-12.8V140.8c0-6.4-6.4-12.8-12.8-12.8h-22.4c-6.4 0-12.8 6.4-12.8 12.8v198.4c0 6.4 6.4 12.8 12.8 12.8zm96 0h22.4c6.4 0 12.8-6.4 12.8-12.8V204.8c0-6.4-6.4-12.8-12.8-12.8h-22.4c-6.4 0-12.8 6.4-12.8 12.8v134.4c0 6.4 6.4 12.8 12.8 12.8zM496 400H48V80c0-8.84-7.16-16-16-16H16C7.16 64 0 71.16 0 80v336c0 17.67 14.33 32 32 32h464c8.84 0 16-7.16 16-16v-16c0-8.84-7.16-16-16-16zm-387.2-48h22.4c6.4 0 12.8-6.4 12.8-12.8v-70.4c0-6.4-6.4-12.8-12.8-12.8h-22.4c-6.4 0-12.8 6.4-12.8 12.8v70.4c0 6.4 6.4 12.8 12.8 12.8z\" class=\"\"><\/path><\/svg><\/i> <img loading=\"lazy\" decoding=\"async\" width=\"16\" height=\"16\" alt=\"Loading\" src=\"https:\/\/www.nmsneukirchen.at\/wordpress\/wp-content\/plugins\/page-views-count\/ajax-loader-2x.gif\" border=0 \/><\/p>\n<div class=\"pvc_clear\"><\/div>\n","protected":false},"excerpt":{"rendered":"<p>F\u00fcr eine Voranmeldung an unserer Schule, schreiben Sie bitte ein Mail an &#100;&#x69;&#114;&#x65;k&#x74;i&#111;&#x6e;&#64;&#x6d;s&#x6e;e&#117;&#x6b;&#105;&#x72;c&#x68;e&#110;&#x2e;&#99;&#x6f;m mit nachfolgenden Informationen: Ihr Name Name des Kindes Religion Sozialversicherungsnummer (des Kindes) Ob Geschwister bereits an unserer Schule sind SPF (Sonderp\u00e4dagogischer F\u00f6rderbedarf) in welchen F\u00e4chern Ihre Anschrift Telefonnummer Derzeitige VS-Schule &nbsp; Hinweis: Die Anmeldung wird erst rechtsg\u00fcltig, wenn bis zum 2. Freitag [&hellip;]<\/p>\n<div class=\"pvc_clear\"><\/div>\n<p id=\"pvc_stats_8050\" class=\"pvc_stats all  \" data-element-id=\"8050\" style=\"\"><i class=\"pvc-stats-icon medium\" aria-hidden=\"true\"><svg aria-hidden=\"true\" focusable=\"false\" data-prefix=\"far\" data-icon=\"chart-bar\" role=\"img\" xmlns=\"http:\/\/www.w3.org\/2000\/svg\" viewBox=\"0 0 512 512\" class=\"svg-inline--fa fa-chart-bar fa-w-16 fa-2x\"><path fill=\"currentColor\" d=\"M396.8 352h22.4c6.4 0 12.8-6.4 12.8-12.8V108.8c0-6.4-6.4-12.8-12.8-12.8h-22.4c-6.4 0-12.8 6.4-12.8 12.8v230.4c0 6.4 6.4 12.8 12.8 12.8zm-192 0h22.4c6.4 0 12.8-6.4 12.8-12.8V140.8c0-6.4-6.4-12.8-12.8-12.8h-22.4c-6.4 0-12.8 6.4-12.8 12.8v198.4c0 6.4 6.4 12.8 12.8 12.8zm96 0h22.4c6.4 0 12.8-6.4 12.8-12.8V204.8c0-6.4-6.4-12.8-12.8-12.8h-22.4c-6.4 0-12.8 6.4-12.8 12.8v134.4c0 6.4 6.4 12.8 12.8 12.8zM496 400H48V80c0-8.84-7.16-16-16-16H16C7.16 64 0 71.16 0 80v336c0 17.67 14.33 32 32 32h464c8.84 0 16-7.16 16-16v-16c0-8.84-7.16-16-16-16zm-387.2-48h22.4c6.4 0 12.8-6.4 12.8-12.8v-70.4c0-6.4-6.4-12.8-12.8-12.8h-22.4c-6.4 0-12.8 6.4-12.8 12.8v70.4c0 6.4 6.4 12.8 12.8 12.8z\" class=\"\"><\/path><\/svg><\/i> <img loading=\"lazy\" decoding=\"async\" width=\"16\" height=\"16\" alt=\"Loading\" src=\"https:\/\/www.nmsneukirchen.at\/wordpress\/wp-content\/plugins\/page-views-count\/ajax-loader-2x.gif\" border=0 \/><\/p>\n<div class=\"pvc_clear\"><\/div>\n","protected":false},"author":1,"featured_media":0,"parent":0,"menu_order":0,"comment_status":"closed","ping_status":"closed","template":"","meta":{"footnotes":""},"class_list":["post-8050","page","type-page","status-publish","hentry"],"_links":{"self":[{"href":"https:\/\/www.nmsneukirchen.at\/wordpress\/wp-json\/wp\/v2\/pages\/8050","targetHints":{"allow":["GET"]}}],"collection":[{"href":"https:\/\/www.nmsneukirchen.at\/wordpress\/wp-json\/wp\/v2\/pages"}],"about":[{"href":"https:\/\/www.nmsneukirchen.at\/wordpress\/wp-json\/wp\/v2\/types\/page"}],"author":[{"embeddable":true,"href":"https:\/\/www.nmsneukirchen.at\/wordpress\/wp-json\/wp\/v2\/users\/1"}],"replies":[{"embeddable":true,"href":"https:\/\/www.nmsneukirchen.at\/wordpress\/wp-json\/wp\/v2\/comments?post=8050"}],"version-history":[{"count":1,"href":"https:\/\/www.nmsneukirchen.at\/wordpress\/wp-json\/wp\/v2\/pages\/8050\/revisions"}],"predecessor-version":[{"id":8053,"href":"https:\/\/www.nmsneukirchen.at\/wordpress\/wp-json\/wp\/v2\/pages\/8050\/revisions\/8053"}],"wp:attachment":[{"href":"https:\/\/www.nmsneukirchen.at\/wordpress\/wp-json\/wp\/v2\/media?parent=8050"}],"curies":[{"name":"wp","href":"https:\/\/api.w.org\/{rel}","templated":true}]}}